{"id":2215,"date":"2018-06-15T11:33:31","date_gmt":"2018-06-15T08:33:31","guid":{"rendered":"https:\/\/www.colores.fi\/information-om-tarmcancer\/hoitomuodot\/"},"modified":"2021-04-29T16:05:11","modified_gmt":"2021-04-29T13:05:11","slug":"behandlingsmetoder","status":"publish","type":"page","link":"https:\/\/www.colores.fi\/sv\/behandlingsmetoder\/","title":{"rendered":"Behandlingsmetoder"},"content":{"rendered":"<p>V\u00e5rden av tarmcancer \u00e4r alltid individuell. Tym\u00f6rens lokalisation, storlek, spridningsgrad och patientens allm\u00e4ntillst\u00e5nd inverkar p\u00e5 v\u00e5rden.<\/p>\n<h2>Operativ behandling<\/h2>\n<p>Den vanligaste v\u00e5rdmetoden vid tarmcancer \u00e4r operation. M\u00e5ls\u00e4ttningen \u00e4r att avl\u00e4gsna tum\u00f6rsegmentet av tarmen med n\u00e4rliggande frisk v\u00e4vnad och lymfk\u00f6rtlar. Genom att ta bort skenbart frisk v\u00e4vnad str\u00e4var man till att \u00e4ven alla enskilda cancerceller elimineras.<\/p>\n<p>Oparation anv\u00e4nds antingen som enda v\u00e5rdform, eller kombinerad med str\u00e5l- och kemoterapi. Den vanligaste kirurgiska varianten \u00e4r \u00f6ppen s.k. laparotomi. Nuf\u00f6rtiden kan en del av tarmcanceroperationerna \u00e4ven utf\u00f6ras laparoskopiskt dvs. genom titth\u00e5lsoperation.<\/p>\n<h2>Str\u00e5lbehandling<\/h2>\n<p>Str\u00e5lbehandling eller radioterapi utg\u00f6rs av h\u00f6genergetisk, joniserad str\u00e5lning, som alstras av en s\u00e4rskild str\u00e5lbehandlingsaparat. Med str\u00e5lbehandling str\u00e4var man till att f\u00f6rst\u00f6ra cancercellerna och minska tum\u00f6rens storlek. Bestr\u00e5lningen p\u00e5verkar i synnerhet celler som befinner sig i delningsfas, av vilka det finns fler av i cancerv\u00e4vnad an normal s\u00e5dan.<\/p>\n<p>Str\u00e5lbehandling \u00e4r en form av lokalterapi som begr\u00e4nsar sig till cancerceller inom den behandlade regionen. Terapin ges som sm\u00e5 eng\u00e5ngdoser ofta under en eller flere veckor. Str\u00e5lbehandling \u00e4r sm\u00e4rtfri och g\u00f6r inte patienten till en str\u00e5lningsk\u00e4lla. Radioterapi kan medf\u00f6ra vissa biverkningar som \u00e4r avh\u00e4ngiga av m\u00e5lorgan och c\u00e4cnader, antaled behandlingar och str\u00e5lningens totaldos. Till biverkningarna h\u00f6r irritation av hud och slemhinnor och eventuellt diarr\u00e9. I allm\u00e4nhet anv\u00e4nds radioterapi endast vid behandlingen av \u00e4ndtarmscancer, antingen f\u00f6re eller efter operation. Str\u00e5lbehandling anv\u00e4nds ocks\u00e5 om tumoren ej varit operabel.<\/p>\n<p>Ofta kombineras radio- och kemoterapi. Medelst dylik kombination kan man oftas reducera tum\u00f6ren s\u00e5pass att den blir operabel, eller symptomen mildras.<\/p>\n<h2>Kemoterapi<\/h2>\n<p>Cytostatika \u00e4r l\u00e4kemedel som \u00e4r menade att f\u00f6rinta cancerceller. Kemoterapin vid tarmcancer best\u00e5r i allm\u00e4nhet av flere samtidigt anv\u00e4nda l\u00e4kemedel. Man anv\u00e4nder kombinationsterapi f\u00f6r att f\u00e5 b\u00e4ttre v\u00e5rderesultat, eftersom de olika medicinerna p\u00e5verkar cancercellerna via olika mekanismer.<\/p>\n<p>Effekten av cytostatika begr\u00e4nsas dock ej till cancercellerna, de skadar \u00e4ven celldelningen i kroppens normala v\u00e4vnader. De vanligaste biverkningarna av cytostatika \u00e4r sm\u00e4rtande munslemhinnor, diarr\u00e9, minskat antal via blodkroppar, tr\u00f6tthet och illam\u00e5ende.<\/p>\n<p>Cytostatika ges \u00e4ven f\u00f6r att f\u00f6rhindra recidiv (\u00e5terfall) av tjock- eller \u00e4ndtarmscancer. Detta kallas f\u00f6r adjuvant eller till\u00e4ggsbehandling. Cytostatika anv\u00e4nds ocks\u00e5 vid utbredd tarmcancer f\u00f6r att minska tum\u00f6ren, lindra symptomen och bromsa ytterligare spridning.<\/p>\n<h2>Ny medicinsk behandling<\/h2>\n<p>Behandlingen av tarmcancer har framskridit avsev\u00e4rt under det senaste \u00e5rtiondet. Vid sidan av traditionella cytostatika har man tagit i bruk m\u00e5linriktade l\u00e4kemedel, vars verkan \u00e4r skr\u00e4ddarsydd f\u00f6r att f\u00f6rhindra n\u00e5gon speciell process p\u00e5 molekyl\u00e4r niv\u00e5. \u00c4ven nya medinska behandlingsformer \u00e4r under utveckling, d\u00e4r man kommit l\u00e4ngst vad betr\u00e4ffar behandling med antikroppar.<\/p>\n<h2>Behandling med antikroppar<\/h2>\n<p>Antikroppsbaserade l\u00e4kemedel s\u00f6ker sig till en specifik m\u00e5lmolekyl. N\u00e4r antikroppen binder sig till denna m\u00e5lmolekyl h\u00e4mmas dess funktion, och p\u00e5 detta s\u00e4tt hindras fortsatt celldelning och tillv\u00e4xt av tum\u00f6ren. En antikropp som f\u00e4st sig p\u00e5 tum\u00f6rcellen kan \u00e4ven funktionera som en signal till kroppens eget immunf\u00f6rsvar att cellen \u00e4r onormal och b\u00f6r f\u00f6rst\u00f6ras. Som m\u00e5l f\u00f6r antikropparna har man valt s\u00e5dana molekyler som f\u00f6rekommar rikligt i cancerv\u00e4vnad men endast sparsamt i kroppens \u00f6vriga v\u00e4vnader. Genom noggrann specificering av m\u00e5let st\u00e4var man till att antikroppsmedicinerna skulle ha mindre negativa verkningar p\u00e5 normala v\u00e4vnader i j\u00e4mf\u00f6relse med konventionella cytostatika.<\/p>\n<h2>Uppf\u00f6ljning av v\u00e5rden<\/h2>\n<p>Recidiv av tjock- och \u00e4ndtarmscancer kan dyka upp lokalt n\u00e4ra prim\u00e4rtum\u00f6ren, eller i form av metastaser till lever, lungor, bukh\u00e5la eller \u00e4ggstockar. Mer s\u00e4llsynta \u00e4r metastaser i skelettet eller hj\u00e4rnan. Till uppfj\u00f6lningen h\u00f6r skopier f\u00f6r att finna recidiv i tarmanastomosen och eventuella nya tum\u00f6ren. Tum\u00f6rmark\u00f6ren CEA h\u00f6r ocks\u00e5 till kontrollunders\u00f6kningarna. Om CEA stiger eller patienten har symptom tydande p\u00e5 recidiv, g\u00f6rs mer omfattande unders\u00f6kningar. Kontrollerna kan upph\u00f6ra efter 5 \u00e5r om tum\u00f6ren ej recidiverat.<\/p>\n","protected":false},"excerpt":{"rendered":"<p>V\u00e5rden av tarmcancer \u00e4r alltid individuell. Tym\u00f6rens lokalisation, storlek, spridningsgrad och patientens allm\u00e4ntillst\u00e5nd inverkar p\u00e5 v\u00e5rden. Operativ behandling Den vanligaste v\u00e5rdmetoden vid tarmcancer \u00e4r operation. M\u00e5ls\u00e4ttningen \u00e4r att avl\u00e4gsna tum\u00f6rsegmentet av tarmen med n\u00e4rliggande frisk v\u00e4vnad och lymfk\u00f6rtlar. Genom att ta bort skenbart frisk v\u00e4vnad str\u00e4var man till att \u00e4ven alla enskilda cancerceller elimineras. Oparation [&hellip;]<\/p>\n","protected":false},"author":3,"featured_media":0,"parent":0,"menu_order":0,"comment_status":"closed","ping_status":"closed","template":"","meta":{"_genesis_hide_title":false,"_genesis_hide_breadcrumbs":false,"_genesis_hide_singular_image":false,"_genesis_hide_footer_widgets":false,"_genesis_custom_body_class":"","_genesis_custom_post_class":"","_genesis_layout":"","footnotes":""},"class_list":{"0":"post-2215","1":"page","2":"type-page","3":"status-publish","5":"entry","6":"has-post-thumbnail"},"acf":[],"yoast_head":"<!-- This site is optimized with the Yoast SEO plugin v23.3 - https:\/\/yoast.com\/wordpress\/plugins\/seo\/ -->\n<title>Information om tarmcancer och dess olika behandlingsmetoder<\/title>\n<meta name=\"description\" content=\"Information om tarmcancer och dess olika behandlingsmetoder. Operativ behandling, kemoterapi, str\u00e5lbehandling och medicinsk behandling.\" \/>\n<meta name=\"robots\" content=\"index, follow, max-snippet:-1, max-image-preview:large, max-video-preview:-1\" \/>\n<link rel=\"canonical\" href=\"https:\/\/www.colores.fi\/sv\/behandlingsmetoder\/\" \/>\n<meta property=\"og:locale\" content=\"sv_SE\" \/>\n<meta property=\"og:type\" content=\"article\" \/>\n<meta property=\"og:title\" content=\"Information om tarmcancer och dess olika behandlingsmetoder\" \/>\n<meta property=\"og:description\" content=\"Information om tarmcancer och dess olika behandlingsmetoder. Operativ behandling, kemoterapi, str\u00e5lbehandling och medicinsk behandling.\" \/>\n<meta property=\"og:url\" content=\"https:\/\/www.colores.fi\/sv\/behandlingsmetoder\/\" \/>\n<meta property=\"og:site_name\" content=\"Colores\" \/>\n<meta property=\"article:modified_time\" content=\"2021-04-29T13:05:11+00:00\" \/>\n<meta name=\"twitter:card\" content=\"summary_large_image\" \/>\n<meta name=\"twitter:label1\" content=\"Ber\u00e4knad l\u00e4stid\" \/>\n\t<meta name=\"twitter:data1\" content=\"3 minuter\" \/>\n<script type=\"application\/ld+json\" class=\"yoast-schema-graph\">{\"@context\":\"https:\/\/schema.org\",\"@graph\":[{\"@type\":\"WebPage\",\"@id\":\"https:\/\/www.colores.fi\/sv\/behandlingsmetoder\/\",\"url\":\"https:\/\/www.colores.fi\/sv\/behandlingsmetoder\/\",\"name\":\"Information om tarmcancer och dess olika behandlingsmetoder\",\"isPartOf\":{\"@id\":\"https:\/\/www.colores.fi\/#website\"},\"datePublished\":\"2018-06-15T08:33:31+00:00\",\"dateModified\":\"2021-04-29T13:05:11+00:00\",\"description\":\"Information om tarmcancer och dess olika behandlingsmetoder. Operativ behandling, kemoterapi, str\u00e5lbehandling och medicinsk behandling.\",\"breadcrumb\":{\"@id\":\"https:\/\/www.colores.fi\/sv\/behandlingsmetoder\/#breadcrumb\"},\"inLanguage\":\"sv-SE\",\"potentialAction\":[{\"@type\":\"ReadAction\",\"target\":[\"https:\/\/www.colores.fi\/sv\/behandlingsmetoder\/\"]}]},{\"@type\":\"BreadcrumbList\",\"@id\":\"https:\/\/www.colores.fi\/sv\/behandlingsmetoder\/#breadcrumb\",\"itemListElement\":[{\"@type\":\"ListItem\",\"position\":1,\"name\":\"Home\",\"item\":\"https:\/\/www.colores.fi\/sv\/\"},{\"@type\":\"ListItem\",\"position\":2,\"name\":\"Behandlingsmetoder\"}]},{\"@type\":\"WebSite\",\"@id\":\"https:\/\/www.colores.fi\/#website\",\"url\":\"https:\/\/www.colores.fi\/\",\"name\":\"Colores\",\"description\":\"Finlands Tarmcancerf\u00f6rening rf\",\"publisher\":{\"@id\":\"https:\/\/www.colores.fi\/#organization\"},\"potentialAction\":[{\"@type\":\"SearchAction\",\"target\":{\"@type\":\"EntryPoint\",\"urlTemplate\":\"https:\/\/www.colores.fi\/?s={search_term_string}\"},\"query-input\":\"required name=search_term_string\"}],\"inLanguage\":\"sv-SE\"},{\"@type\":\"Organization\",\"@id\":\"https:\/\/www.colores.fi\/#organization\",\"name\":\"Colores-Suomen suolistosy\u00f6p\u00e4yhdistys ry\",\"url\":\"https:\/\/www.colores.fi\/\",\"logo\":{\"@type\":\"ImageObject\",\"inLanguage\":\"sv-SE\",\"@id\":\"https:\/\/www.colores.fi\/#\/schema\/logo\/image\/\",\"url\":\"https:\/\/www.colores.fi\/app\/uploads\/2018\/05\/colores_logo.png\",\"contentUrl\":\"https:\/\/www.colores.fi\/app\/uploads\/2018\/05\/colores_logo.png\",\"width\":1795,\"height\":437,\"caption\":\"Colores-Suomen suolistosy\u00f6p\u00e4yhdistys ry\"},\"image\":{\"@id\":\"https:\/\/www.colores.fi\/#\/schema\/logo\/image\/\"}}]}<\/script>\n<!-- \/ Yoast SEO plugin. -->","yoast_head_json":{"title":"Information om tarmcancer och dess olika behandlingsmetoder","description":"Information om tarmcancer och dess olika behandlingsmetoder. Operativ behandling, kemoterapi, str\u00e5lbehandling och medicinsk behandling.","robots":{"index":"index","follow":"follow","max-snippet":"max-snippet:-1","max-image-preview":"max-image-preview:large","max-video-preview":"max-video-preview:-1"},"canonical":"https:\/\/www.colores.fi\/sv\/behandlingsmetoder\/","og_locale":"sv_SE","og_type":"article","og_title":"Information om tarmcancer och dess olika behandlingsmetoder","og_description":"Information om tarmcancer och dess olika behandlingsmetoder. Operativ behandling, kemoterapi, str\u00e5lbehandling och medicinsk behandling.","og_url":"https:\/\/www.colores.fi\/sv\/behandlingsmetoder\/","og_site_name":"Colores","article_modified_time":"2021-04-29T13:05:11+00:00","twitter_card":"summary_large_image","twitter_misc":{"Ber\u00e4knad l\u00e4stid":"3 minuter"},"schema":{"@context":"https:\/\/schema.org","@graph":[{"@type":"WebPage","@id":"https:\/\/www.colores.fi\/sv\/behandlingsmetoder\/","url":"https:\/\/www.colores.fi\/sv\/behandlingsmetoder\/","name":"Information om tarmcancer och dess olika behandlingsmetoder","isPartOf":{"@id":"https:\/\/www.colores.fi\/#website"},"datePublished":"2018-06-15T08:33:31+00:00","dateModified":"2021-04-29T13:05:11+00:00","description":"Information om tarmcancer och dess olika behandlingsmetoder. Operativ behandling, kemoterapi, str\u00e5lbehandling och medicinsk behandling.","breadcrumb":{"@id":"https:\/\/www.colores.fi\/sv\/behandlingsmetoder\/#breadcrumb"},"inLanguage":"sv-SE","potentialAction":[{"@type":"ReadAction","target":["https:\/\/www.colores.fi\/sv\/behandlingsmetoder\/"]}]},{"@type":"BreadcrumbList","@id":"https:\/\/www.colores.fi\/sv\/behandlingsmetoder\/#breadcrumb","itemListElement":[{"@type":"ListItem","position":1,"name":"Home","item":"https:\/\/www.colores.fi\/sv\/"},{"@type":"ListItem","position":2,"name":"Behandlingsmetoder"}]},{"@type":"WebSite","@id":"https:\/\/www.colores.fi\/#website","url":"https:\/\/www.colores.fi\/","name":"Colores","description":"Finlands Tarmcancerf\u00f6rening rf","publisher":{"@id":"https:\/\/www.colores.fi\/#organization"},"potentialAction":[{"@type":"SearchAction","target":{"@type":"EntryPoint","urlTemplate":"https:\/\/www.colores.fi\/?s={search_term_string}"},"query-input":"required name=search_term_string"}],"inLanguage":"sv-SE"},{"@type":"Organization","@id":"https:\/\/www.colores.fi\/#organization","name":"Colores-Suomen suolistosy\u00f6p\u00e4yhdistys ry","url":"https:\/\/www.colores.fi\/","logo":{"@type":"ImageObject","inLanguage":"sv-SE","@id":"https:\/\/www.colores.fi\/#\/schema\/logo\/image\/","url":"https:\/\/www.colores.fi\/app\/uploads\/2018\/05\/colores_logo.png","contentUrl":"https:\/\/www.colores.fi\/app\/uploads\/2018\/05\/colores_logo.png","width":1795,"height":437,"caption":"Colores-Suomen suolistosy\u00f6p\u00e4yhdistys ry"},"image":{"@id":"https:\/\/www.colores.fi\/#\/schema\/logo\/image\/"}}]}},"_links":{"self":[{"href":"https:\/\/www.colores.fi\/sv\/wp-json\/wp\/v2\/pages\/2215"}],"collection":[{"href":"https:\/\/www.colores.fi\/sv\/wp-json\/wp\/v2\/pages"}],"about":[{"href":"https:\/\/www.colores.fi\/sv\/wp-json\/wp\/v2\/types\/page"}],"author":[{"embeddable":true,"href":"https:\/\/www.colores.fi\/sv\/wp-json\/wp\/v2\/users\/3"}],"replies":[{"embeddable":true,"href":"https:\/\/www.colores.fi\/sv\/wp-json\/wp\/v2\/comments?post=2215"}],"version-history":[{"count":5,"href":"https:\/\/www.colores.fi\/sv\/wp-json\/wp\/v2\/pages\/2215\/revisions"}],"predecessor-version":[{"id":5421,"href":"https:\/\/www.colores.fi\/sv\/wp-json\/wp\/v2\/pages\/2215\/revisions\/5421"}],"wp:attachment":[{"href":"https:\/\/www.colores.fi\/sv\/wp-json\/wp\/v2\/media?parent=2215"}],"curies":[{"name":"wp","href":"https:\/\/api.w.org\/{rel}","templated":true}]}}