{"id":2203,"date":"2018-06-15T11:33:53","date_gmt":"2018-06-15T08:33:53","guid":{"rendered":"https:\/\/www.colores.fi\/information-om-tarmcancer\/ennuste\/"},"modified":"2021-04-22T12:25:06","modified_gmt":"2021-04-22T09:25:06","slug":"prognos","status":"publish","type":"page","link":"https:\/\/www.colores.fi\/sv\/prognos\/","title":{"rendered":"Prognos"},"content":{"rendered":"<p style=\"background: white; margin: 0cm 0cm 19.5pt 0cm;\"><span style=\"color: #333333;\">Ju tidigare tarmcancer hittas, desto b\u00e4ttre \u00e4r prognosen. Om cancern konstateras d\u00e5 den \u00e4nnu \u00e4r begr\u00e4nsad till tarmv\u00e4ggen, lever 90% av patienterna after 5 \u00e5r. F\u00f6rutom tum\u00f6rens spridning p\u00e5verkas prognosen av patientens \u00e5lder, allm\u00e4ntillst\u00e5nd, komplikationer av tum\u00f6ren samt tum\u00f6rens s\u00e4rdrag.<\/span><\/p>\n<p style=\"background: white; box-sizing: border-box; margin: 0cm 0cm 19.5pt 0cm;\"><span style=\"color: #333333;\">V\u00e5rdresultaten av tarmcancer \u00e4r i Finland p\u00e5 h\u00f6g v\u00e4steuropeisk niv\u00e5. Utvecklandet av operationsteknik och ny terapi med cytostatika ock andra l\u00e4kemedel har f\u00f6rb\u00e4ttrat v\u00e5rdresultaten avsev\u00e4rt. M\u00e5ls\u00e4ttningen f\u00f6r operation och eventuell adjuvant eller st\u00f6dterapi \u00e4r att mindre \u00e4n 5-10 % av patienterna skulle f\u00e5 ett lokalt metastas eller \u00e5terfall.<\/span><\/p>\n<p style=\"background: white; margin: 0cm 0cm 19.5pt 0cm;\"><span style=\"color: #333333;\">Risken f\u00f6r \u00e5terfall av tarmcancer \u00e4r mest sannolikt 2-3 \u00e5r efter operationen. Risken f\u00f6r \u00e5terfall efter 5 \u00e5r \u00e4r s\u00e4llsynt och p\u00e5 grund av det slutar man ofta uppf\u00f6lningen av tarmcancerpatienterna efter 5 \u00e5r. <\/span><\/p>\n","protected":false},"excerpt":{"rendered":"<p>Ju tidigare tarmcancer hittas, desto b\u00e4ttre \u00e4r prognosen. Om cancern konstateras d\u00e5 den \u00e4nnu \u00e4r begr\u00e4nsad till tarmv\u00e4ggen, lever 90% av patienterna after 5 \u00e5r. F\u00f6rutom tum\u00f6rens spridning p\u00e5verkas prognosen av patientens \u00e5lder, allm\u00e4ntillst\u00e5nd, komplikationer av tum\u00f6ren samt tum\u00f6rens s\u00e4rdrag. V\u00e5rdresultaten av tarmcancer \u00e4r i Finland p\u00e5 h\u00f6g v\u00e4steuropeisk niv\u00e5. Utvecklandet av operationsteknik och ny [&hellip;]<\/p>\n","protected":false},"author":3,"featured_media":0,"parent":0,"menu_order":0,"comment_status":"closed","ping_status":"closed","template":"","meta":{"_genesis_hide_title":false,"_genesis_hide_breadcrumbs":false,"_genesis_hide_singular_image":false,"_genesis_hide_footer_widgets":false,"_genesis_custom_body_class":"","_genesis_custom_post_class":"","_genesis_layout":"","footnotes":""},"class_list":{"0":"post-2203","1":"page","2":"type-page","3":"status-publish","5":"entry"},"acf":[],"yoast_head":"<!-- This site is optimized with the Yoast SEO plugin v23.3 - https:\/\/yoast.com\/wordpress\/plugins\/seo\/ -->\n<title>Prognos &#8211; Colores<\/title>\n<meta name=\"description\" content=\"Ju tidigare tarmncancer hittas, desto b\u00e4ttre \u00e4r prognosen. Risken f\u00f6r \u00e5terfall efter 5 \u00e5r \u00e4r s\u00e4llsynt.\" \/>\n<meta name=\"robots\" content=\"index, follow, max-snippet:-1, max-image-preview:large, max-video-preview:-1\" \/>\n<link rel=\"canonical\" href=\"https:\/\/www.colores.fi\/sv\/prognos\/\" \/>\n<meta property=\"og:locale\" content=\"sv_SE\" \/>\n<meta property=\"og:type\" content=\"article\" \/>\n<meta property=\"og:title\" content=\"Prognos &#8211; Colores\" \/>\n<meta property=\"og:description\" content=\"Ju tidigare tarmncancer hittas, desto b\u00e4ttre \u00e4r prognosen. Risken f\u00f6r \u00e5terfall efter 5 \u00e5r \u00e4r s\u00e4llsynt.\" \/>\n<meta property=\"og:url\" content=\"https:\/\/www.colores.fi\/sv\/prognos\/\" \/>\n<meta property=\"og:site_name\" content=\"Colores\" \/>\n<meta property=\"article:modified_time\" content=\"2021-04-22T09:25:06+00:00\" \/>\n<meta name=\"twitter:card\" content=\"summary_large_image\" \/>\n<meta name=\"twitter:label1\" content=\"Ber\u00e4knad l\u00e4stid\" \/>\n\t<meta name=\"twitter:data1\" content=\"1 minut\" \/>\n<script type=\"application\/ld+json\" class=\"yoast-schema-graph\">{\"@context\":\"https:\/\/schema.org\",\"@graph\":[{\"@type\":\"WebPage\",\"@id\":\"https:\/\/www.colores.fi\/sv\/prognos\/\",\"url\":\"https:\/\/www.colores.fi\/sv\/prognos\/\",\"name\":\"Prognos &#8211; Colores\",\"isPartOf\":{\"@id\":\"https:\/\/www.colores.fi\/#website\"},\"datePublished\":\"2018-06-15T08:33:53+00:00\",\"dateModified\":\"2021-04-22T09:25:06+00:00\",\"description\":\"Ju tidigare tarmncancer hittas, desto b\u00e4ttre \u00e4r prognosen. Risken f\u00f6r \u00e5terfall efter 5 \u00e5r \u00e4r s\u00e4llsynt.\",\"breadcrumb\":{\"@id\":\"https:\/\/www.colores.fi\/sv\/prognos\/#breadcrumb\"},\"inLanguage\":\"sv-SE\",\"potentialAction\":[{\"@type\":\"ReadAction\",\"target\":[\"https:\/\/www.colores.fi\/sv\/prognos\/\"]}]},{\"@type\":\"BreadcrumbList\",\"@id\":\"https:\/\/www.colores.fi\/sv\/prognos\/#breadcrumb\",\"itemListElement\":[{\"@type\":\"ListItem\",\"position\":1,\"name\":\"Home\",\"item\":\"https:\/\/www.colores.fi\/sv\/\"},{\"@type\":\"ListItem\",\"position\":2,\"name\":\"Prognos\"}]},{\"@type\":\"WebSite\",\"@id\":\"https:\/\/www.colores.fi\/#website\",\"url\":\"https:\/\/www.colores.fi\/\",\"name\":\"Colores\",\"description\":\"Finlands Tarmcancerf\u00f6rening rf\",\"publisher\":{\"@id\":\"https:\/\/www.colores.fi\/#organization\"},\"potentialAction\":[{\"@type\":\"SearchAction\",\"target\":{\"@type\":\"EntryPoint\",\"urlTemplate\":\"https:\/\/www.colores.fi\/?s={search_term_string}\"},\"query-input\":\"required name=search_term_string\"}],\"inLanguage\":\"sv-SE\"},{\"@type\":\"Organization\",\"@id\":\"https:\/\/www.colores.fi\/#organization\",\"name\":\"Colores-Suomen suolistosy\u00f6p\u00e4yhdistys ry\",\"url\":\"https:\/\/www.colores.fi\/\",\"logo\":{\"@type\":\"ImageObject\",\"inLanguage\":\"sv-SE\",\"@id\":\"https:\/\/www.colores.fi\/#\/schema\/logo\/image\/\",\"url\":\"https:\/\/www.colores.fi\/app\/uploads\/2018\/05\/colores_logo.png\",\"contentUrl\":\"https:\/\/www.colores.fi\/app\/uploads\/2018\/05\/colores_logo.png\",\"width\":1795,\"height\":437,\"caption\":\"Colores-Suomen suolistosy\u00f6p\u00e4yhdistys ry\"},\"image\":{\"@id\":\"https:\/\/www.colores.fi\/#\/schema\/logo\/image\/\"}}]}<\/script>\n<!-- \/ Yoast SEO plugin. -->","yoast_head_json":{"title":"Prognos &#8211; Colores","description":"Ju tidigare tarmncancer hittas, desto b\u00e4ttre \u00e4r prognosen. Risken f\u00f6r \u00e5terfall efter 5 \u00e5r \u00e4r s\u00e4llsynt.","robots":{"index":"index","follow":"follow","max-snippet":"max-snippet:-1","max-image-preview":"max-image-preview:large","max-video-preview":"max-video-preview:-1"},"canonical":"https:\/\/www.colores.fi\/sv\/prognos\/","og_locale":"sv_SE","og_type":"article","og_title":"Prognos &#8211; Colores","og_description":"Ju tidigare tarmncancer hittas, desto b\u00e4ttre \u00e4r prognosen. Risken f\u00f6r \u00e5terfall efter 5 \u00e5r \u00e4r s\u00e4llsynt.","og_url":"https:\/\/www.colores.fi\/sv\/prognos\/","og_site_name":"Colores","article_modified_time":"2021-04-22T09:25:06+00:00","twitter_card":"summary_large_image","twitter_misc":{"Ber\u00e4knad l\u00e4stid":"1 minut"},"schema":{"@context":"https:\/\/schema.org","@graph":[{"@type":"WebPage","@id":"https:\/\/www.colores.fi\/sv\/prognos\/","url":"https:\/\/www.colores.fi\/sv\/prognos\/","name":"Prognos &#8211; Colores","isPartOf":{"@id":"https:\/\/www.colores.fi\/#website"},"datePublished":"2018-06-15T08:33:53+00:00","dateModified":"2021-04-22T09:25:06+00:00","description":"Ju tidigare tarmncancer hittas, desto b\u00e4ttre \u00e4r prognosen. Risken f\u00f6r \u00e5terfall efter 5 \u00e5r \u00e4r s\u00e4llsynt.","breadcrumb":{"@id":"https:\/\/www.colores.fi\/sv\/prognos\/#breadcrumb"},"inLanguage":"sv-SE","potentialAction":[{"@type":"ReadAction","target":["https:\/\/www.colores.fi\/sv\/prognos\/"]}]},{"@type":"BreadcrumbList","@id":"https:\/\/www.colores.fi\/sv\/prognos\/#breadcrumb","itemListElement":[{"@type":"ListItem","position":1,"name":"Home","item":"https:\/\/www.colores.fi\/sv\/"},{"@type":"ListItem","position":2,"name":"Prognos"}]},{"@type":"WebSite","@id":"https:\/\/www.colores.fi\/#website","url":"https:\/\/www.colores.fi\/","name":"Colores","description":"Finlands Tarmcancerf\u00f6rening rf","publisher":{"@id":"https:\/\/www.colores.fi\/#organization"},"potentialAction":[{"@type":"SearchAction","target":{"@type":"EntryPoint","urlTemplate":"https:\/\/www.colores.fi\/?s={search_term_string}"},"query-input":"required name=search_term_string"}],"inLanguage":"sv-SE"},{"@type":"Organization","@id":"https:\/\/www.colores.fi\/#organization","name":"Colores-Suomen suolistosy\u00f6p\u00e4yhdistys ry","url":"https:\/\/www.colores.fi\/","logo":{"@type":"ImageObject","inLanguage":"sv-SE","@id":"https:\/\/www.colores.fi\/#\/schema\/logo\/image\/","url":"https:\/\/www.colores.fi\/app\/uploads\/2018\/05\/colores_logo.png","contentUrl":"https:\/\/www.colores.fi\/app\/uploads\/2018\/05\/colores_logo.png","width":1795,"height":437,"caption":"Colores-Suomen suolistosy\u00f6p\u00e4yhdistys ry"},"image":{"@id":"https:\/\/www.colores.fi\/#\/schema\/logo\/image\/"}}]}},"_links":{"self":[{"href":"https:\/\/www.colores.fi\/sv\/wp-json\/wp\/v2\/pages\/2203"}],"collection":[{"href":"https:\/\/www.colores.fi\/sv\/wp-json\/wp\/v2\/pages"}],"about":[{"href":"https:\/\/www.colores.fi\/sv\/wp-json\/wp\/v2\/types\/page"}],"author":[{"embeddable":true,"href":"https:\/\/www.colores.fi\/sv\/wp-json\/wp\/v2\/users\/3"}],"replies":[{"embeddable":true,"href":"https:\/\/www.colores.fi\/sv\/wp-json\/wp\/v2\/comments?post=2203"}],"version-history":[{"count":2,"href":"https:\/\/www.colores.fi\/sv\/wp-json\/wp\/v2\/pages\/2203\/revisions"}],"predecessor-version":[{"id":5361,"href":"https:\/\/www.colores.fi\/sv\/wp-json\/wp\/v2\/pages\/2203\/revisions\/5361"}],"wp:attachment":[{"href":"https:\/\/www.colores.fi\/sv\/wp-json\/wp\/v2\/media?parent=2203"}],"curies":[{"name":"wp","href":"https:\/\/api.w.org\/{rel}","templated":true}]}}