{"id":2143,"date":"2018-07-16T09:54:04","date_gmt":"2018-07-16T06:54:04","guid":{"rendered":"https:\/\/www.colores.fi\/tuki\/vertaistukiryhmat\/"},"modified":"2021-03-01T15:06:34","modified_gmt":"2021-03-01T13:06:34","slug":"peer-support-groups","status":"publish","type":"page","link":"https:\/\/www.colores.fi\/en\/peer-support-groups\/","title":{"rendered":"Peer support groups"},"content":{"rendered":"<p>We organize open peer support meetings where patients with colorectal cancer can come and discuss and exchange experiences with others who have or have had the same disease.<\/p>\n<p>Peer-to-peer meetings openly discuss colorectal cancer, but do not comment on treatments, medicines or medical staff. Meetings are always hosted by a trained volunteer or a Cancer Society worker.<\/p>\n","protected":false},"excerpt":{"rendered":"<p>We organize open peer support meetings where patients with colorectal cancer can come and discuss and exchange experiences with others who have or have had the same disease. Peer-to-peer meetings openly discuss colorectal cancer, but do not comment on treatments, medicines or medical staff. Meetings are always hosted by a trained volunteer or a Cancer [&hellip;]<\/p>\n","protected":false},"author":5,"featured_media":0,"parent":0,"menu_order":0,"comment_status":"closed","ping_status":"closed","template":"","meta":{"_genesis_hide_title":false,"_genesis_hide_breadcrumbs":false,"_genesis_hide_singular_image":false,"_genesis_hide_footer_widgets":false,"_genesis_custom_body_class":"","_genesis_custom_post_class":"","_genesis_layout":"","footnotes":""},"class_list":{"0":"post-2143","1":"page","2":"type-page","3":"status-publish","5":"entry","6":"has-post-thumbnail"},"acf":[],"yoast_head":"<!-- This site is optimized with the Yoast SEO plugin v23.3 - https:\/\/yoast.com\/wordpress\/plugins\/seo\/ -->\n<title>Peer support groups &#8211; Colores<\/title>\n<meta name=\"description\" content=\"Maksuttomat vertaistukiryhm\u00e4t tarjoavat keskusteluapua suolistosy\u00f6p\u00e4potilaille ja heid\u00e4n l\u00e4heisilleen eri puolilla Suomea.\" \/>\n<meta name=\"robots\" content=\"index, follow, max-snippet:-1, max-image-preview:large, max-video-preview:-1\" \/>\n<link rel=\"canonical\" href=\"https:\/\/www.colores.fi\/en\/peer-support-groups\/\" \/>\n<meta property=\"og:locale\" content=\"en_US\" \/>\n<meta property=\"og:type\" content=\"article\" \/>\n<meta property=\"og:title\" content=\"Peer support groups &#8211; Colores\" \/>\n<meta property=\"og:description\" content=\"Maksuttomat vertaistukiryhm\u00e4t tarjoavat keskusteluapua suolistosy\u00f6p\u00e4potilaille ja heid\u00e4n l\u00e4heisilleen eri puolilla Suomea.\" \/>\n<meta property=\"og:url\" content=\"https:\/\/www.colores.fi\/en\/peer-support-groups\/\" \/>\n<meta property=\"og:site_name\" content=\"Colores\" \/>\n<meta property=\"article:modified_time\" content=\"2021-03-01T13:06:34+00:00\" \/>\n<meta name=\"twitter:card\" content=\"summary_large_image\" \/>\n<meta name=\"twitter:label1\" content=\"Est. reading time\" \/>\n\t<meta name=\"twitter:data1\" content=\"1 minute\" \/>\n<script type=\"application\/ld+json\" class=\"yoast-schema-graph\">{\"@context\":\"https:\/\/schema.org\",\"@graph\":[{\"@type\":\"WebPage\",\"@id\":\"https:\/\/www.colores.fi\/en\/peer-support-groups\/\",\"url\":\"https:\/\/www.colores.fi\/en\/peer-support-groups\/\",\"name\":\"Peer support groups &#8211; Colores\",\"isPartOf\":{\"@id\":\"https:\/\/www.colores.fi\/#website\"},\"datePublished\":\"2018-07-16T06:54:04+00:00\",\"dateModified\":\"2021-03-01T13:06:34+00:00\",\"description\":\"Maksuttomat vertaistukiryhm\u00e4t tarjoavat keskusteluapua suolistosy\u00f6p\u00e4potilaille ja heid\u00e4n l\u00e4heisilleen eri puolilla Suomea.\",\"breadcrumb\":{\"@id\":\"https:\/\/www.colores.fi\/en\/peer-support-groups\/#breadcrumb\"},\"inLanguage\":\"en-US\",\"potentialAction\":[{\"@type\":\"ReadAction\",\"target\":[\"https:\/\/www.colores.fi\/en\/peer-support-groups\/\"]}]},{\"@type\":\"BreadcrumbList\",\"@id\":\"https:\/\/www.colores.fi\/en\/peer-support-groups\/#breadcrumb\",\"itemListElement\":[{\"@type\":\"ListItem\",\"position\":1,\"name\":\"Home\",\"item\":\"https:\/\/www.colores.fi\/en\/\"},{\"@type\":\"ListItem\",\"position\":2,\"name\":\"Peer support groups\"}]},{\"@type\":\"WebSite\",\"@id\":\"https:\/\/www.colores.fi\/#website\",\"url\":\"https:\/\/www.colores.fi\/\",\"name\":\"Colores\",\"description\":\"Finnish Colorectal Cancer Association\",\"publisher\":{\"@id\":\"https:\/\/www.colores.fi\/#organization\"},\"potentialAction\":[{\"@type\":\"SearchAction\",\"target\":{\"@type\":\"EntryPoint\",\"urlTemplate\":\"https:\/\/www.colores.fi\/?s={search_term_string}\"},\"query-input\":\"required name=search_term_string\"}],\"inLanguage\":\"en-US\"},{\"@type\":\"Organization\",\"@id\":\"https:\/\/www.colores.fi\/#organization\",\"name\":\"Colores-Suomen suolistosy\u00f6p\u00e4yhdistys ry\",\"url\":\"https:\/\/www.colores.fi\/\",\"logo\":{\"@type\":\"ImageObject\",\"inLanguage\":\"en-US\",\"@id\":\"https:\/\/www.colores.fi\/#\/schema\/logo\/image\/\",\"url\":\"https:\/\/www.colores.fi\/app\/uploads\/2018\/05\/colores_logo.png\",\"contentUrl\":\"https:\/\/www.colores.fi\/app\/uploads\/2018\/05\/colores_logo.png\",\"width\":1795,\"height\":437,\"caption\":\"Colores-Suomen suolistosy\u00f6p\u00e4yhdistys ry\"},\"image\":{\"@id\":\"https:\/\/www.colores.fi\/#\/schema\/logo\/image\/\"}}]}<\/script>\n<!-- \/ Yoast SEO plugin. -->","yoast_head_json":{"title":"Peer support groups &#8211; Colores","description":"Maksuttomat vertaistukiryhm\u00e4t tarjoavat keskusteluapua suolistosy\u00f6p\u00e4potilaille ja heid\u00e4n l\u00e4heisilleen eri puolilla Suomea.","robots":{"index":"index","follow":"follow","max-snippet":"max-snippet:-1","max-image-preview":"max-image-preview:large","max-video-preview":"max-video-preview:-1"},"canonical":"https:\/\/www.colores.fi\/en\/peer-support-groups\/","og_locale":"en_US","og_type":"article","og_title":"Peer support groups &#8211; Colores","og_description":"Maksuttomat vertaistukiryhm\u00e4t tarjoavat keskusteluapua suolistosy\u00f6p\u00e4potilaille ja heid\u00e4n l\u00e4heisilleen eri puolilla Suomea.","og_url":"https:\/\/www.colores.fi\/en\/peer-support-groups\/","og_site_name":"Colores","article_modified_time":"2021-03-01T13:06:34+00:00","twitter_card":"summary_large_image","twitter_misc":{"Est. reading time":"1 minute"},"schema":{"@context":"https:\/\/schema.org","@graph":[{"@type":"WebPage","@id":"https:\/\/www.colores.fi\/en\/peer-support-groups\/","url":"https:\/\/www.colores.fi\/en\/peer-support-groups\/","name":"Peer support groups &#8211; Colores","isPartOf":{"@id":"https:\/\/www.colores.fi\/#website"},"datePublished":"2018-07-16T06:54:04+00:00","dateModified":"2021-03-01T13:06:34+00:00","description":"Maksuttomat vertaistukiryhm\u00e4t tarjoavat keskusteluapua suolistosy\u00f6p\u00e4potilaille ja heid\u00e4n l\u00e4heisilleen eri puolilla Suomea.","breadcrumb":{"@id":"https:\/\/www.colores.fi\/en\/peer-support-groups\/#breadcrumb"},"inLanguage":"en-US","potentialAction":[{"@type":"ReadAction","target":["https:\/\/www.colores.fi\/en\/peer-support-groups\/"]}]},{"@type":"BreadcrumbList","@id":"https:\/\/www.colores.fi\/en\/peer-support-groups\/#breadcrumb","itemListElement":[{"@type":"ListItem","position":1,"name":"Home","item":"https:\/\/www.colores.fi\/en\/"},{"@type":"ListItem","position":2,"name":"Peer support groups"}]},{"@type":"WebSite","@id":"https:\/\/www.colores.fi\/#website","url":"https:\/\/www.colores.fi\/","name":"Colores","description":"Finnish Colorectal Cancer Association","publisher":{"@id":"https:\/\/www.colores.fi\/#organization"},"potentialAction":[{"@type":"SearchAction","target":{"@type":"EntryPoint","urlTemplate":"https:\/\/www.colores.fi\/?s={search_term_string}"},"query-input":"required name=search_term_string"}],"inLanguage":"en-US"},{"@type":"Organization","@id":"https:\/\/www.colores.fi\/#organization","name":"Colores-Suomen suolistosy\u00f6p\u00e4yhdistys ry","url":"https:\/\/www.colores.fi\/","logo":{"@type":"ImageObject","inLanguage":"en-US","@id":"https:\/\/www.colores.fi\/#\/schema\/logo\/image\/","url":"https:\/\/www.colores.fi\/app\/uploads\/2018\/05\/colores_logo.png","contentUrl":"https:\/\/www.colores.fi\/app\/uploads\/2018\/05\/colores_logo.png","width":1795,"height":437,"caption":"Colores-Suomen suolistosy\u00f6p\u00e4yhdistys ry"},"image":{"@id":"https:\/\/www.colores.fi\/#\/schema\/logo\/image\/"}}]}},"_links":{"self":[{"href":"https:\/\/www.colores.fi\/en\/wp-json\/wp\/v2\/pages\/2143"}],"collection":[{"href":"https:\/\/www.colores.fi\/en\/wp-json\/wp\/v2\/pages"}],"about":[{"href":"https:\/\/www.colores.fi\/en\/wp-json\/wp\/v2\/types\/page"}],"author":[{"embeddable":true,"href":"https:\/\/www.colores.fi\/en\/wp-json\/wp\/v2\/users\/5"}],"replies":[{"embeddable":true,"href":"https:\/\/www.colores.fi\/en\/wp-json\/wp\/v2\/comments?post=2143"}],"version-history":[{"count":4,"href":"https:\/\/www.colores.fi\/en\/wp-json\/wp\/v2\/pages\/2143\/revisions"}],"predecessor-version":[{"id":5103,"href":"https:\/\/www.colores.fi\/en\/wp-json\/wp\/v2\/pages\/2143\/revisions\/5103"}],"wp:attachment":[{"href":"https:\/\/www.colores.fi\/en\/wp-json\/wp\/v2\/media?parent=2143"}],"curies":[{"name":"wp","href":"https:\/\/api.w.org\/{rel}","templated":true}]}}